{"id":1295,"date":"2023-06-05T12:48:23","date_gmt":"2023-06-05T12:48:23","guid":{"rendered":"https:\/\/transparantmagazine.nl\/archief\/?page_id=1295"},"modified":"2023-06-08T06:19:33","modified_gmt":"2023-06-08T06:19:33","slug":"mooiman","status":"publish","type":"page","link":"https:\/\/transparantmagazine.nl\/archief\/2023-1_homepage\/mooiman\/","title":{"rendered":"MooiMan"},"content":{"rendered":"<p>[et_pb_section fb_built=&#8221;1&#8243; _builder_version=&#8221;4.21.0&#8243; _module_preset=&#8221;default&#8221; background_image=&#8221;https:\/\/transparantmagazine.nl\/archief\/wp-content\/uploads\/2023\/06\/Jan.jpg&#8221; background_position=&#8221;top_center&#8221; width=&#8221;100%&#8221; max_width=&#8221;100%&#8221; custom_margin=&#8221;0px||0px||false|false&#8221; custom_padding=&#8221;0px||0px||false|false&#8221; global_colors_info=&#8221;{}&#8221;][et_pb_row _builder_version=&#8221;4.21.0&#8243; _module_preset=&#8221;default&#8221; width=&#8221;100%&#8221; max_width=&#8221;100%&#8221; module_alignment=&#8221;left&#8221; custom_margin=&#8221;0px||0px||false|false&#8221; custom_padding=&#8221;0px||0px||false|false&#8221; global_colors_info=&#8221;{}&#8221;][et_pb_column type=&#8221;4_4&#8243; _builder_version=&#8221;4.19.2&#8243; _module_preset=&#8221;default&#8221; global_colors_info=&#8221;{}&#8221;][et_pb_image src=&#8221;https:\/\/transparantmagazine.nl\/archief\/wp-content\/uploads\/2022\/12\/MooiMan.png&#8221; title_text=&#8221;MooiMan&#8221; _builder_version=&#8221;4.21.0&#8243; _module_preset=&#8221;default&#8221; width=&#8221;300px&#8221; width_tablet=&#8221;300px&#8221; width_phone=&#8221;200px&#8221; width_last_edited=&#8221;on|phone&#8221; module_alignment=&#8221;left&#8221; custom_margin=&#8221;0px||0px||false|false&#8221; custom_padding=&#8221;0px||0px||false|false&#8221; global_colors_info=&#8221;{}&#8221;][\/et_pb_image][\/et_pb_column][\/et_pb_row][et_pb_row _builder_version=&#8221;4.21.0&#8243; _module_preset=&#8221;default&#8221; custom_margin=&#8221;400px||||false|false&#8221; custom_margin_tablet=&#8221;150px||||false|false&#8221; custom_margin_phone=&#8221;150px||||false|false&#8221; custom_margin_last_edited=&#8221;on|desktop&#8221; hover_enabled=&#8221;0&#8243; global_colors_info=&#8221;{}&#8221; sticky_enabled=&#8221;0&#8243;][et_pb_column type=&#8221;4_4&#8243; _builder_version=&#8221;4.19.2&#8243; _module_preset=&#8221;default&#8221; global_colors_info=&#8221;{}&#8221;][et_pb_text _builder_version=&#8221;4.21.0&#8243; _module_preset=&#8221;default&#8221; header_text_color=&#8221;#ffffff&#8221; header_font_size=&#8221;64px&#8221; header_font_size_tablet=&#8221;52px&#8221; header_font_size_phone=&#8221;36px&#8221; header_font_size_last_edited=&#8221;on|phone&#8221; header_text_shadow_style=&#8221;preset3&#8243; global_colors_info=&#8221;{}&#8221;]<\/p>\n<h1 class=\"p1\" style=\"text-align: center;\">Van vogelhuis tot kruiwagen:<br \/><strong>Jan wil dat het mooi wordt<\/strong><\/h1>\n<p>[\/et_pb_text][et_pb_icon font_icon=&#8221;&#x47;||divi||400&#8243; icon_color=&#8221;#ffffff&#8221; icon_width=&#8221;50px&#8221; url=&#8221;#artikel&#8221; _builder_version=&#8221;4.21.0&#8243; _module_preset=&#8221;default&#8221; background_color=&#8221;#DFDD00&#8243; custom_padding=&#8221;5px|7px|7px|5px|false|false&#8221; border_radii=&#8221;on|35px|35px|35px|35px&#8221; global_colors_info=&#8221;{}&#8221;][\/et_pb_icon][\/et_pb_column][\/et_pb_row][\/et_pb_section][et_pb_section fb_built=&#8221;1&#8243; _builder_version=&#8221;4.21.0&#8243; _module_preset=&#8221;default&#8221; background_color=&#8221;#3D2975&#8243; top_divider_style=&#8221;slant&#8221; top_divider_color=&#8221;#3D2975&#8243; global_colors_info=&#8221;{}&#8221;][et_pb_row _builder_version=&#8221;4.21.0&#8243; _module_preset=&#8221;default&#8221; global_colors_info=&#8221;{}&#8221;][et_pb_column type=&#8221;4_4&#8243; _builder_version=&#8221;4.21.0&#8243; _module_preset=&#8221;default&#8221; global_colors_info=&#8221;{}&#8221;][et_pb_text _builder_version=&#8221;4.21.0&#8243; _module_preset=&#8221;default&#8221; text_text_color=&#8221;#ffffff&#8221; global_colors_info=&#8221;{}&#8221;]<\/p>\n<p class=\"p1\"><strong><span class=\"s1\">Jan Smit (55 jaar) werkt sinds drie jaar bij houtwerkplaats De Nerf van De Trans in Emmen. Daar zit hij heel goed op zijn plek, want Jan heeft een groot talent. Hij is superhandig met hout. Dat is niet zo gek, want Jan heeft jarenlange ervaring.<\/span><\/strong><\/p>\n<p>[\/et_pb_text][\/et_pb_column][\/et_pb_row][\/et_pb_section][et_pb_section fb_built=&#8221;1&#8243; module_id=&#8221;artikel&#8221; _builder_version=&#8221;4.19.2&#8243; background_color=&#8221;RGBA(255,255,255,0)&#8221; background_enable_image=&#8221;off&#8221; global_colors_info=&#8221;{}&#8221;][et_pb_row column_structure=&#8221;1_2,1_2&#8243; _builder_version=&#8221;4.21.0&#8243; background_size=&#8221;initial&#8221; background_position=&#8221;top_left&#8221; background_repeat=&#8221;repeat&#8221; global_colors_info=&#8221;{}&#8221;][et_pb_column type=&#8221;1_2&#8243; _builder_version=&#8221;4.21.0&#8243; background_color=&#8221;RGBA(255,255,255,0)&#8221; custom_padding=&#8221;|||&#8221; global_colors_info=&#8221;{}&#8221; custom_padding__hover=&#8221;|||&#8221;][et_pb_text _builder_version=&#8221;4.21.0&#8243; _module_preset=&#8221;default&#8221; global_colors_info=&#8221;{}&#8221;]<\/p>\n<p class=\"p1\"><b>\u201cIk vind het leuk om met hout te werken,\u201d vertelt Jan. \u201cIk maak veel verschillende dingen. Bijvoorbeeld vogelhuisjes. Die zijn allemaal anders. Elke vogel vraagt namelijk om een eigen huisje.\u201d Jan laat een houten vogelhuisje zien en wijst op de opening. Hij legt uit dat het gat een diameter heeft van 30 millimeter. \u201cDat is bedoeld voor koolmeesjes. Pimpelmeesjes vinden 28 millimeter fijner.\u201d Jan herinnert zich nog goed dat hij zijn eerste vogelhuisjes maakte op de LTS. Op die plek leerde hij het ambacht van het houtbewerken. \u201cIk vond het meteen leuk!\u201d<\/b><\/p>\n<p>[\/et_pb_text][\/et_pb_column][et_pb_column type=&#8221;1_2&#8243; _builder_version=&#8221;4.21.0&#8243; custom_padding=&#8221;|||&#8221; global_colors_info=&#8221;{}&#8221; custom_padding__hover=&#8221;|||&#8221;][et_pb_text _builder_version=&#8221;4.21.0&#8243; _module_preset=&#8221;default&#8221; global_colors_info=&#8221;{}&#8221;]<\/p>\n<h3>\u200bGewerkt in timmerfabriek<\/h3>\n<p class=\"p2\">Wie met Jan over zijn werk praat, krijgt al heel snel door dat hij precies weet wat hij doet. \u201cIk werk al heel lang met hout. Voor De Nerf heb ik twintig jaar gewerkt als opperman bij een timmerfabriek.\u201d Daar hield hij zich onder meer bezig met houten kozijnen en deuren. \u201cOok maakte ik traptreden,\u201d vertelt hij. \u201cDaarbij is het heel belangrijk dat je \u00e9\u00e9n traptrede uit \u00e9\u00e9n plank haalt. Op die manier zie je geen verschil in het hout. De kleur is dan precies hetzelfde.\u201d Het zijn de details waar Jan nog altijd op let bij alles wat hij maakt. \u201cIk wil graag dat het mooi wordt.\u201d<\/p>\n<p>[\/et_pb_text][\/et_pb_column][\/et_pb_row][\/et_pb_section][et_pb_section fb_built=&#8221;1&#8243; module_id=&#8221;artikel&#8221; _builder_version=&#8221;4.19.2&#8243; background_color=&#8221;#D4EDFC&#8221; background_enable_image=&#8221;off&#8221; global_colors_info=&#8221;{}&#8221;][et_pb_row column_structure=&#8221;2_3,1_3&#8243; _builder_version=&#8221;4.19.2&#8243; background_size=&#8221;initial&#8221; background_position=&#8221;top_left&#8221; background_repeat=&#8221;repeat&#8221; global_colors_info=&#8221;{}&#8221;][et_pb_column type=&#8221;2_3&#8243; _builder_version=&#8221;4.19.2&#8243; background_color=&#8221;RGBA(255,255,255,0)&#8221; custom_padding=&#8221;|||&#8221; global_colors_info=&#8221;{}&#8221; custom_padding__hover=&#8221;|||&#8221;][et_pb_text _builder_version=&#8221;4.21.0&#8243; _module_preset=&#8221;default&#8221; global_colors_info=&#8221;{}&#8221;]<\/p>\n<h3>Ervaring delen met collega\u2019s<\/h3>\n<p>Bij De Nerf deelt hij zijn ervaring met houtbewerking graag met zijn collega\u2019s. \u201cIk werk hier op maandag, woensdag en vrijdag. Ik werk met zes collega\u2019s. We doen alles samen. Ik teken de onderdelen af, een ander schuurt deze en ik lijm ze aan elkaar. Weer een andere collega maakt bijvoorbeeld van oude fietsbanden een dak voor een vogelhuis. Iedereen is hier zijn eigen ster. En krijgt iemand vandaag iets niet af, dan doen we het morgen.\u201d<\/p>\n<p>&nbsp;<\/p>\n<h3>Collega\u2019s verwennen<\/h3>\n<p>Ook zijn begeleider Simone Smilde is een van zijn collega\u2019s. \u201cJan is zo\u2019n lieve collega,\u201d vertelt zij, \u201chij deelt niet alleen zijn ervaring, maar nog veel meer. Zo neemt hij regelmatig wat lekkers mee. Bijvoorbeeld voor zijn collega Herman. Die is dol op een haring met roggebrood. Dat neemt Jan dan voor hem mee. Hij verwent ons echt. Thuis heeft Jan een moestuin; zijn vader heeft hem alles over tuinieren geleerd. Als de oogst groot is, krijgen we onder andere andijvie of bietjes. Hij heeft ook een keer Mexicaanse bonensoep voor ons gemaakt. Jan is echt een deler!\u201d<\/p>\n<p>[\/et_pb_text][\/et_pb_column][et_pb_column type=&#8221;1_3&#8243; _builder_version=&#8221;4.16&#8243; custom_padding=&#8221;|||&#8221; global_colors_info=&#8221;{}&#8221; custom_padding__hover=&#8221;|||&#8221;][et_pb_image src=&#8221;https:\/\/transparantmagazine.nl\/archief\/wp-content\/uploads\/2023\/06\/Mooiman-2.png&#8221; title_text=&#8221;Mooiman 2&#8243; _builder_version=&#8221;4.21.0&#8243; _module_preset=&#8221;default&#8221; animation_style=&#8221;slide&#8221; animation_direction=&#8221;right&#8221; global_colors_info=&#8221;{}&#8221;][\/et_pb_image][\/et_pb_column][\/et_pb_row][\/et_pb_section][et_pb_section fb_built=&#8221;1&#8243; module_id=&#8221;artikel&#8221; _builder_version=&#8221;4.19.2&#8243; background_color=&#8221;#ffffff&#8221; background_enable_image=&#8221;off&#8221; global_colors_info=&#8221;{}&#8221;][et_pb_row column_structure=&#8221;1_3,2_3&#8243; _builder_version=&#8221;4.19.2&#8243; background_size=&#8221;initial&#8221; background_position=&#8221;top_left&#8221; background_repeat=&#8221;repeat&#8221; global_colors_info=&#8221;{}&#8221;][et_pb_column type=&#8221;1_3&#8243; _builder_version=&#8221;4.19.2&#8243; background_color=&#8221;RGBA(255,255,255,0)&#8221; custom_padding=&#8221;|||&#8221; global_colors_info=&#8221;{}&#8221; custom_padding__hover=&#8221;|||&#8221;][et_pb_image src=&#8221;https:\/\/transparantmagazine.nl\/archief\/wp-content\/uploads\/2023\/06\/Mooiman2.png&#8221; title_text=&#8221;Mooiman2&#8243; _builder_version=&#8221;4.21.0&#8243; _module_preset=&#8221;default&#8221; animation_style=&#8221;slide&#8221; animation_direction=&#8221;right&#8221; global_colors_info=&#8221;{}&#8221;][\/et_pb_image][\/et_pb_column][et_pb_column type=&#8221;2_3&#8243; _builder_version=&#8221;4.16&#8243; custom_padding=&#8221;|||&#8221; global_colors_info=&#8221;{}&#8221; custom_padding__hover=&#8221;|||&#8221;][et_pb_text _builder_version=&#8221;4.21.0&#8243; _module_preset=&#8221;default&#8221; global_colors_info=&#8221;{}&#8221;]<\/p>\n<h3>Mooie dingen namaken<\/h3>\n<p>\u201cIk woon zelfstandig,\u201d vertelt Jan. \u201cHet huis is van mijn opa en oma geweest en daarna van mijn vader. Nu is het van mij.\u201d Bij het zelfstandig wonen krijgt hij begeleiding. Ook zijn oom Hennie speelt een belangrijke rol in het leven van Jan. Hij is net als zijn neef heel handig met hout. \u201cWe werken vaak samen. Ik heb in de schuur een afkortzaag staan.\u201d Thuis, onderweg en bij De Nerf kijkt Jan altijd of er ergens hout te vinden is dat hij kan gebruiken. \u201cIk maak graag dingen na.\u201d Zo haalde hij bijvoorbeeld een houten kruiwagentje uit elkaar. Alle onderdelen maakte hij vervolgens na. \u201cAls ik weet hoe het is gemaakt, kan ik het zelf.\u201d Trots laat hij de kruiwagen zien die hij heeft nagemaakt. \u201cMensen kunnen deze vullen met aarde en viooltjes erin zetten. Mooi, h\u00e8!\u201d<\/p>\n<h3>Lekker geld verdienen<\/h3>\n<p>Egelhuisjes, vleermuiskasten, voederkastjes voor eekhoorns, dienbladen; Jan maakt echt van alles. Hij somt ook zo uit zijn hoofd alle afmetingen op. Bijvoorbeeld voor de eekhoornkast. \u201cAls een eekhoorn zin heeft in eten, hoeft hij alleen maar dit plankje omhoog te doen.\u201d Jan laat zien hoe het werkt. \u201cIk vind het een uitdaging om zulke dingen te maken van hout. Bovendien kan ik er lekker geld mee verdienen.\u201d De producten die Jan samen met zijn collega\u2019s maakt, zijn op meerdere plekken te koop. In \u2019t Pant in Emmen, bij Kadowinkel Eignwies in Rolde en natuurlijk bij De Nerf in Emmen. \u201cIk zet hier bij De Nerf soms een verkoopstalletje buiten,\u201d zegt Jan. \u201cEen vogelhuisje kost bijvoorbeeld 14,50 euro en een dienblad 7,50 euro. We staan ook op markten.\u201d Dan als een echte verkoper voegt hij nog iets belangrijks toe: \u201cWe maken producten ook op bestelling. Het is dan niet meteen klaar, maar met vijf tot zes weken kun je het ophalen.\u201d<\/p>\n<p>[\/et_pb_text][\/et_pb_column][\/et_pb_row][\/et_pb_section][et_pb_section fb_built=&#8221;1&#8243; _builder_version=&#8221;4.21.0&#8243; _module_preset=&#8221;default&#8221; global_colors_info=&#8221;{}&#8221;][et_pb_row column_structure=&#8221;1_2,1_2&#8243; make_equal=&#8221;on&#8221; _builder_version=&#8221;4.21.0&#8243; _module_preset=&#8221;default&#8221; global_colors_info=&#8221;{}&#8221;][et_pb_column type=&#8221;1_2&#8243; _builder_version=&#8221;4.21.0&#8243; _module_preset=&#8221;default&#8221; custom_css_main_element=&#8221;width: 50%!important;&#8221; global_colors_info=&#8221;{}&#8221;][et_pb_button button_url=&#8221;@ET-DC@eyJkeW5hbWljIjp0cnVlLCJjb250ZW50IjoicG9zdF9saW5rX3VybF9wYWdlIiwic2V0dGluZ3MiOnsicG9zdF9pZCI6IjEyMzMifX0=@&#8221; button_text=&#8221;vorige&#8221; button_alignment=&#8221;right&#8221; _builder_version=&#8221;4.21.0&#8243; _dynamic_attributes=&#8221;button_url&#8221; _module_preset=&#8221;default&#8221; custom_button=&#8221;on&#8221; button_text_color=&#8221;#009FE3&#8243; button_border_width=&#8221;0px&#8221; button_icon=&#8221;&#x23;||divi||400&#8243; button_icon_color=&#8221;#009FE3&#8243; button_icon_placement=&#8221;left&#8221; button_on_hover=&#8221;off&#8221; custom_css_main_element=&#8221;width: 50%!important;&#8221; global_colors_info=&#8221;{}&#8221;][\/et_pb_button][\/et_pb_column][et_pb_column type=&#8221;1_2&#8243; _builder_version=&#8221;4.21.0&#8243; _module_preset=&#8221;default&#8221; custom_css_main_element=&#8221;width: 50%!important;&#8221; global_colors_info=&#8221;{}&#8221;][et_pb_button button_url=&#8221;@ET-DC@eyJkeW5hbWljIjp0cnVlLCJjb250ZW50IjoicG9zdF9saW5rX3VybF9wYWdlIiwic2V0dGluZ3MiOnsicG9zdF9pZCI6IjEzOTQifX0=@&#8221; button_text=&#8221;volgende&#8221; _builder_version=&#8221;4.21.0&#8243; _dynamic_attributes=&#8221;button_url&#8221; _module_preset=&#8221;default&#8221; custom_button=&#8221;on&#8221; button_text_color=&#8221;#009FE3&#8243; button_border_width=&#8221;0px&#8221; button_icon=&#8221;&#x24;||divi||400&#8243; button_icon_color=&#8221;#009FE3&#8243; button_on_hover=&#8221;off&#8221; global_colors_info=&#8221;{}&#8221;][\/et_pb_button][\/et_pb_column][\/et_pb_row][\/et_pb_section][et_pb_section fb_built=&#8221;1&#8243; _builder_version=&#8221;4.19.2&#8243; _module_preset=&#8221;default&#8221; border_color_all=&#8221;#3D2975&#8243; border_width_top=&#8221;10px&#8221; border_color_top=&#8221;#DFDD00&#8243; global_colors_info=&#8221;{}&#8221;][et_pb_row column_structure=&#8221;1_4,3_4&#8243; _builder_version=&#8221;4.19.2&#8243; _module_preset=&#8221;default&#8221; global_colors_info=&#8221;{}&#8221;][et_pb_column type=&#8221;1_4&#8243; _builder_version=&#8221;4.19.2&#8243; _module_preset=&#8221;default&#8221; global_colors_info=&#8221;{}&#8221;][et_pb_image src=&#8221;https:\/\/transparantmagazine.nl\/archief\/wp-content\/uploads\/2023\/06\/Mooiman-1.png&#8221; title_text=&#8221;Mooiman&#8221; align=&#8221;right&#8221; align_tablet=&#8221;left&#8221; align_phone=&#8221;left&#8221; align_last_edited=&#8221;on|phone&#8221; _builder_version=&#8221;4.21.0&#8243; _module_preset=&#8221;default&#8221; width=&#8221;100px&#8221; global_colors_info=&#8221;{}&#8221;][\/et_pb_image][\/et_pb_column][et_pb_column type=&#8221;3_4&#8243; _builder_version=&#8221;4.19.2&#8243; _module_preset=&#8221;default&#8221; global_colors_info=&#8221;{}&#8221;][et_pb_text _builder_version=&#8221;4.21.0&#8243; _module_preset=&#8221;default&#8221; text_font_size=&#8221;18px&#8221; text_font_size_tablet=&#8221;16px&#8221; text_font_size_phone=&#8221;16px&#8221; text_font_size_last_edited=&#8221;on|tablet&#8221; global_colors_info=&#8221;{}&#8221;]<\/p>\n<p class=\"p1\">\u200bJan werkt drie dagen per week bij De Nerf.<\/p>\n<p class=\"p1\">Hij maakt onder meer vogelhuisjes.<\/p>\n<p class=\"p1\">Alles maakt hij van hout.<\/p>\n<p class=\"p1\">Jan is heel handig en aardig voor zijn collega\u2019s.<\/p>\n<p>[\/et_pb_text][\/et_pb_column][\/et_pb_row][\/et_pb_section]<\/p>\n","protected":false},"excerpt":{"rendered":"<p>Van vogelhuis tot kruiwagen:Jan wil dat het mooi wordtJan Smit (55 jaar) werkt sinds drie jaar bij houtwerkplaats De Nerf van De Trans in Emmen. Daar zit hij heel goed op zijn plek, want Jan heeft een groot talent. Hij is superhandig met hout. Dat is niet zo gek, want Jan heeft jarenlange ervaring.\u201cIk vind het leuk om met hout te werken,\u201d vertelt Jan. \u201cIk maak veel verschillende dingen. Bijvoorbeeld vogelhuisjes. Die zijn allemaal anders. Elke vogel vraagt namelijk om een eigen huisje.\u201d Jan laat een houten vogelhuisje zien en wijst op de opening. Hij legt uit dat het gat een diameter heeft van 30 millimeter. \u201cDat is bedoeld voor koolmeesjes. Pimpelmeesjes vinden 28 millimeter fijner.\u201d Jan herinnert zich nog goed dat hij zijn eerste vogelhuisjes maakte op de LTS. Op die plek leerde hij het ambacht van het houtbewerken. \u201cIk vond het meteen leuk!\u201d\u200bGewerkt in timmerfabriek Wie met Jan over zijn werk praat, krijgt al heel snel door dat hij precies weet wat hij doet. \u201cIk werk al heel lang met hout. Voor De Nerf heb ik twintig jaar gewerkt als opperman bij een timmerfabriek.\u201d Daar hield hij zich onder meer bezig met houten kozijnen en deuren. \u201cOok maakte [&hellip;]<\/p>\n","protected":false},"author":1,"featured_media":1555,"parent":1052,"menu_order":0,"comment_status":"closed","ping_status":"closed","template":"","meta":{"_et_pb_use_builder":"on","_et_pb_old_content":"<!-- wp:heading -->\r\n<h2>Wie zijn we<\/h2>\r\n<!-- \/wp:heading --><!-- wp:paragraph -->\r\n<p><strong class=\"privacy-policy-tutorial\">Voorgestelde tekst: <\/strong>Ons site adres is: https:\/\/www.transparantmagazine.nl.<\/p>\r\n<!-- \/wp:paragraph --><!-- wp:heading -->\r\n<h2>Reacties<\/h2>\r\n<!-- \/wp:heading --><!-- wp:paragraph -->\r\n<p><strong class=\"privacy-policy-tutorial\">Voorgestelde tekst: <\/strong>Als bezoekers reacties achterlaten op de site, verzamelen we de gegevens getoond in het reactieformulier, het IP-adres van de bezoeker en de browser user agent om te helpen spam te detecteren.<\/p>\r\n<!-- \/wp:paragraph --><!-- wp:paragraph -->\r\n<p>Een geanonimiseerde string, gemaakt op basis van je e-mailadres (dit wordt ook een hash genoemd) kan worden gestuurd naar de Gravatar dienst indien je dit gebruikt. De privacybeleid pagina van de Gravatar dienst kun je hier vinden: https:\/\/automattic.com\/privacy\/. Nadat je reactie is goedgekeurd, is je profielfoto publiekelijk zichtbaar in de context van je reactie.<\/p>\r\n<!-- \/wp:paragraph --><!-- wp:heading -->\r\n<h2>Media<\/h2>\r\n<!-- \/wp:heading --><!-- wp:paragraph -->\r\n<p><strong class=\"privacy-policy-tutorial\">Voorgestelde tekst: <\/strong>Als je een geregistreerde gebruiker bent en afbeeldingen naar de site upload, moet je voorkomen dat je afbeeldingen uploadt met daarin EXIF GPS locatie gegevens. Bezoekers van de site kunnen de afbeeldingen van de site downloaden en de locatiegegevens inzien.<\/p>\r\n<!-- \/wp:paragraph --><!-- wp:heading -->\r\n<h2>Cookies<\/h2>\r\n<!-- \/wp:heading --><!-- wp:paragraph -->\r\n<p><strong class=\"privacy-policy-tutorial\">Voorgestelde tekst: <\/strong>Wanneer je een reactie achterlaat op onze site, kun je aangeven of je naam, je e-mailadres en site in een cookie opgeslagen mogen worden. Dit doen we voor je gemak zodat je deze gegevens niet opnieuw hoeft in te vullen voor een nieuwe reactie. Deze cookies zijn een jaar lang geldig.<\/p>\r\n<!-- \/wp:paragraph --><!-- wp:paragraph -->\r\n<p>Indien je onze inlogpagina bezoekt, slaan we een tijdelijke cookie op om te controleren of je browser cookies accepteert. Deze cookie bevat geen persoonlijke gegevens en wordt verwijderd zodra je je browser sluit.<\/p>\r\n<!-- \/wp:paragraph --><!-- wp:paragraph -->\r\n<p>Zodra je inlogt, zullen we enkele cookies bewaren in verband met je login informatie en schermweergave opties. Login cookies zijn 2 dagen geldig en cookies voor schermweergave opties 1 jaar. Als je \"Herinner mij\" selecteert, wordt je login 2 weken bewaard. Zodra je uitlogt van je account, worden login cookies verwijderd.<\/p>\r\n<!-- \/wp:paragraph --><!-- wp:paragraph -->\r\n<p>Wanneer je een bericht wijzigt of publiceert wordt een aanvullende cookie door je browser opgeslagen. Deze cookie bevat geen persoonlijke data en heeft enkel het post ID van het artikel wat je hebt bewerkt in zich. Deze cookie is na een dag verlopen.<\/p>\r\n<!-- \/wp:paragraph --><!-- wp:heading -->\r\n<h2>Ingesloten inhoud van andere sites<\/h2>\r\n<!-- \/wp:heading --><!-- wp:paragraph -->\r\n<p><strong class=\"privacy-policy-tutorial\">Voorgestelde tekst: <\/strong>Berichten op deze site kunnen ingesloten inhoud bevatten (bijvoorbeeld video's, afbeeldingen, berichten, enz.). Ingesloten inhoud van andere sites gedraagt zich exact hetzelfde alsof de bezoeker deze andere site heeft bezocht.<\/p>\r\n<!-- \/wp:paragraph --><!-- wp:paragraph -->\r\n<p>Deze sites kunnen gegevens over je verzamelen, cookies gebruiken, extra tracking van derde partijen insluiten en je interactie met deze ingesloten inhoud monitoren, inclusief het vastleggen van de interactie met ingesloten inhoud als je een account hebt en ingelogd bent op die site.<\/p>\r\n<!-- \/wp:paragraph --><!-- wp:heading -->\r\n<h2>Met wie we je gegevens delen<\/h2>\r\n<!-- \/wp:heading --><!-- wp:paragraph -->\r\n<p><strong class=\"privacy-policy-tutorial\">Voorgestelde tekst: <\/strong>Als je een wachtwoord reset aanvraagt, wordt je IP-adres opgenomen in de reset e-mail.<\/p>\r\n<!-- \/wp:paragraph --><!-- wp:heading -->\r\n<h2>Hoelang we je gegevens bewaren<\/h2>\r\n<!-- \/wp:heading --><!-- wp:paragraph -->\r\n<p><strong class=\"privacy-policy-tutorial\">Voorgestelde tekst: <\/strong>Wanneer je een reactie achterlaat dan wordt die reactie en de metadata van die reactie voor altijd bewaard. Op deze manier kunnen we vervolgreacties automatisch herkennen en goedkeuren in plaats van dat we ze moeten modereren.<\/p>\r\n<!-- \/wp:paragraph --><!-- wp:paragraph -->\r\n<p>Voor gebruikers die zich op onze site registreren (indien aanwezig), slaan we ook de persoonlijke informatie op die ze verstrekken in hun gebruikersprofiel. Alle gebruikers kunnen op ieder moment hun persoonlijke informatie bekijken, bewerken of verwijderen (behalve dat ze hun gebruikersnaam niet kunnen wijzigen). Site beheerders kunnen deze informatie ook bekijken en bewerken.<\/p>\r\n<!-- \/wp:paragraph --><!-- wp:heading -->\r\n<h2>Welke rechten je hebt over je gegevens<\/h2>\r\n<!-- \/wp:heading --><!-- wp:paragraph -->\r\n<p><strong class=\"privacy-policy-tutorial\">Voorgestelde tekst: <\/strong>Als je een account hebt op deze site of je hebt reacties achter gelaten, kan je verzoeken om een exportbestand van je persoonlijke gegevens die we van je hebben, inclusief alle gegevens die je ons opgegeven hebt. Je kan ook verzoeken dat we alle persoonlijke gegevens die we van je hebben wissen. Dit bevat geen gegevens die we verplicht moeten bewaren in verband met administratieve, wettelijke of beveiligings doeleinden.<\/p>\r\n<!-- \/wp:paragraph --><!-- wp:heading -->\r\n<h2>Waar je gegevens naar toe worden gezonden<\/h2>\r\n<!-- \/wp:heading --><!-- wp:paragraph -->\r\n<p><strong class=\"privacy-policy-tutorial\">Voorgestelde tekst: <\/strong>Mogelijk worden reacties van bezoekers gecontroleerd via een geautomatiseerde spamdetectie service.<\/p>\r\n<!-- \/wp:paragraph -->","_et_gb_content_width":"","footnotes":""},"class_list":["post-1295","page","type-page","status-publish","has-post-thumbnail","hentry"],"_links":{"self":[{"href":"https:\/\/transparantmagazine.nl\/archief\/wp-json\/wp\/v2\/pages\/1295","targetHints":{"allow":["GET"]}}],"collection":[{"href":"https:\/\/transparantmagazine.nl\/archief\/wp-json\/wp\/v2\/pages"}],"about":[{"href":"https:\/\/transparantmagazine.nl\/archief\/wp-json\/wp\/v2\/types\/page"}],"author":[{"embeddable":true,"href":"https:\/\/transparantmagazine.nl\/archief\/wp-json\/wp\/v2\/users\/1"}],"replies":[{"embeddable":true,"href":"https:\/\/transparantmagazine.nl\/archief\/wp-json\/wp\/v2\/comments?post=1295"}],"version-history":[{"count":23,"href":"https:\/\/transparantmagazine.nl\/archief\/wp-json\/wp\/v2\/pages\/1295\/revisions"}],"predecessor-version":[{"id":1634,"href":"https:\/\/transparantmagazine.nl\/archief\/wp-json\/wp\/v2\/pages\/1295\/revisions\/1634"}],"up":[{"embeddable":true,"href":"https:\/\/transparantmagazine.nl\/archief\/wp-json\/wp\/v2\/pages\/1052"}],"wp:featuredmedia":[{"embeddable":true,"href":"https:\/\/transparantmagazine.nl\/archief\/wp-json\/wp\/v2\/media\/1555"}],"wp:attachment":[{"href":"https:\/\/transparantmagazine.nl\/archief\/wp-json\/wp\/v2\/media?parent=1295"}],"curies":[{"name":"wp","href":"https:\/\/api.w.org\/{rel}","templated":true}]}}