{"id":588,"date":"2022-12-02T14:45:24","date_gmt":"2022-12-02T14:45:24","guid":{"rendered":"https:\/\/transparantmagazine.nl\/archief\/?page_id=588"},"modified":"2023-06-07T11:05:23","modified_gmt":"2023-06-07T11:05:23","slug":"mooiman","status":"publish","type":"page","link":"https:\/\/transparantmagazine.nl\/archief\/december-2022\/mooiman\/","title":{"rendered":"MooiMan"},"content":{"rendered":"<p>[et_pb_section fb_built=&#8221;1&#8243; _builder_version=&#8221;4.19.2&#8243; _module_preset=&#8221;default&#8221; background_image=&#8221;https:\/\/transparantmagazine.nl\/archief\/wp-content\/uploads\/2022\/12\/Groep-Benjamini-2-scaled.jpg&#8221; background_position=&#8221;top_center&#8221; width=&#8221;100%&#8221; max_width=&#8221;100%&#8221; min_height=&#8221;80vh&#8221; custom_margin=&#8221;0px||0px||false|false&#8221; custom_padding=&#8221;0px||0px||false|false&#8221; global_colors_info=&#8221;{}&#8221;][et_pb_row _builder_version=&#8221;4.19.2&#8243; _module_preset=&#8221;default&#8221; width=&#8221;100%&#8221; max_width=&#8221;100%&#8221; module_alignment=&#8221;left&#8221; custom_margin=&#8221;0px||0px||false|false&#8221; custom_padding=&#8221;0px||0px||false|false&#8221; global_colors_info=&#8221;{}&#8221;][et_pb_column type=&#8221;4_4&#8243; _builder_version=&#8221;4.19.2&#8243; _module_preset=&#8221;default&#8221; global_colors_info=&#8221;{}&#8221;][et_pb_image src=&#8221;https:\/\/transparantmagazine.nl\/archief\/wp-content\/uploads\/2022\/12\/MooiMan.png&#8221; title_text=&#8221;MooiMan&#8221; _builder_version=&#8221;4.19.2&#8243; _module_preset=&#8221;default&#8221; width=&#8221;300px&#8221; width_tablet=&#8221;300px&#8221; width_phone=&#8221;200px&#8221; width_last_edited=&#8221;on|phone&#8221; module_alignment=&#8221;left&#8221; custom_margin=&#8221;0px||0px||false|false&#8221; custom_padding=&#8221;0px||0px||false|false&#8221; global_colors_info=&#8221;{}&#8221;][\/et_pb_image][\/et_pb_column][\/et_pb_row][et_pb_row _builder_version=&#8221;4.19.2&#8243; _module_preset=&#8221;default&#8221; custom_margin=&#8221;600px||||false|false&#8221; custom_margin_tablet=&#8221;300px||||false|false&#8221; custom_margin_phone=&#8221;200px||||false|false&#8221; custom_margin_last_edited=&#8221;on|phone&#8221; global_colors_info=&#8221;{}&#8221;][et_pb_column type=&#8221;4_4&#8243; _builder_version=&#8221;4.19.2&#8243; _module_preset=&#8221;default&#8221; global_colors_info=&#8221;{}&#8221;][et_pb_text _builder_version=&#8221;4.19.2&#8243; _module_preset=&#8221;default&#8221; header_text_color=&#8221;#ffffff&#8221; header_font_size=&#8221;64px&#8221; header_font_size_tablet=&#8221;52px&#8221; header_font_size_phone=&#8221;36px&#8221; header_font_size_last_edited=&#8221;on|phone&#8221; global_colors_info=&#8221;{}&#8221;]<\/p>\n<h1 class=\"p1\" style=\"text-align: center;\">Een lappendeken <strong>van <span class=\"s1\">talent<\/span><\/strong><\/h1>\n<p>[\/et_pb_text][et_pb_icon font_icon=&#8221;&#x47;||divi||400&#8243; icon_color=&#8221;#ffffff&#8221; icon_width=&#8221;50px&#8221; url=&#8221;#artikel&#8221; _builder_version=&#8221;4.19.2&#8243; _module_preset=&#8221;default&#8221; background_color=&#8221;RGBA(255,255,255,0)&#8221; border_radii=&#8221;on|30px|30px|30px|30px&#8221; global_colors_info=&#8221;{}&#8221;][\/et_pb_icon][\/et_pb_column][\/et_pb_row][\/et_pb_section][et_pb_section fb_built=&#8221;1&#8243; module_id=&#8221;artikel&#8221; _builder_version=&#8221;4.19.2&#8243; background_color=&#8221;RGBA(255,255,255,0)&#8221; background_enable_image=&#8221;off&#8221; global_colors_info=&#8221;{}&#8221;][et_pb_row column_structure=&#8221;1_2,1_2&#8243; _builder_version=&#8221;4.19.2&#8243; background_size=&#8221;initial&#8221; background_position=&#8221;top_left&#8221; background_repeat=&#8221;repeat&#8221; global_colors_info=&#8221;{}&#8221;][et_pb_column type=&#8221;1_2&#8243; _builder_version=&#8221;4.19.2&#8243; background_color=&#8221;RGBA(255,255,255,0)&#8221; custom_padding=&#8221;|||&#8221; global_colors_info=&#8221;{}&#8221; custom_padding__hover=&#8221;|||&#8221;][et_pb_text _builder_version=&#8221;4.19.2&#8243; _module_preset=&#8221;default&#8221; global_colors_info=&#8221;{}&#8221;]<\/p>\n<p><strong>Of we een keer langs wilden komen bij Benjamini in Emmen vraagt begeleidster Stieneke \u201cWij hebben niet \u00e9\u00e9n cli\u00ebnt met een talent, maar een hele ruimte vol!\u201d Mooi man, daar zijn wij benieuwd naar. De redactie van De Transparant ging op bezoek bij Benjamini en sprak een aantal van de hardwerkende dames.<\/strong><\/p>\n<p>[\/et_pb_text][\/et_pb_column][et_pb_column type=&#8221;1_2&#8243; _builder_version=&#8221;4.16&#8243; custom_padding=&#8221;|||&#8221; global_colors_info=&#8221;{}&#8221; custom_padding__hover=&#8221;|||&#8221;][et_pb_text _builder_version=&#8221;4.19.2&#8243; _module_preset=&#8221;default&#8221; global_colors_info=&#8221;{}&#8221;]<\/p>\n<p>De naaimachines zoemen rustig. Veel geconcentreerde gezichten die nauwkeurig met kleurrijke stoffen in de weer zijn. Benjamini maakt in Noordbarge in Emmen de meest kleurrijke creaties van stof. Van een schaaretui tot aan tassen of babynestjes. De dames van de groep maken het allemaal met gemak.<\/p>\n<p>[\/et_pb_text][\/et_pb_column][\/et_pb_row][\/et_pb_section][et_pb_section fb_built=&#8221;1&#8243; module_id=&#8221;artikel&#8221; _builder_version=&#8221;4.19.2&#8243; background_color=&#8221;#D4EDFC&#8221; background_enable_image=&#8221;off&#8221; global_colors_info=&#8221;{}&#8221;][et_pb_row column_structure=&#8221;2_3,1_3&#8243; _builder_version=&#8221;4.19.2&#8243; background_size=&#8221;initial&#8221; background_position=&#8221;top_left&#8221; background_repeat=&#8221;repeat&#8221; global_colors_info=&#8221;{}&#8221;][et_pb_column type=&#8221;2_3&#8243; _builder_version=&#8221;4.19.2&#8243; background_color=&#8221;RGBA(255,255,255,0)&#8221; custom_padding=&#8221;|||&#8221; global_colors_info=&#8221;{}&#8221; custom_padding__hover=&#8221;|||&#8221;][et_pb_text _builder_version=&#8221;4.19.2&#8243; _module_preset=&#8221;default&#8221; global_colors_info=&#8221;{}&#8221;]<\/p>\n<h3>Pietje-precies<\/h3>\n<p>Adelina werkt al heel wat jaren bij Benjamini. \u201cIk was klaar met leren toen ging ik hier werken. In het begin leek het moeilijk. Maar soms moet je het maar gewoon doen en dan valt het toch mee. Ik vond het hier ook meteen gezellig.\u201d Eigenlijk maakt Adelina heel veel verschillende dingen zegt ze. \u201cDe laatste tijd ben ik veel met kussenhoezen bezig. Maar ik heb ook kleden gemaakt en scharenhoesjes.\u201d Soms vindt ze iets wat moeilijker om te maken zoals een roletui. \u201cMaar nu lukt dat wel!\u201d Ze vindt het soms nog moeilijk om trots te zijn op al het moois wat ze maakt. \u201cZe noemen me hier pietje-precies, omdat ik alles op de millimeter perfect wil maken.\u201d Adelina vind het dan scheef, zegt begeleidster Stieneke. \u201cMaar ik zie het met een vergrootglas niet eens.\u201d<\/p>\n<p>[\/et_pb_text][\/et_pb_column][et_pb_column type=&#8221;1_3&#8243; _builder_version=&#8221;4.16&#8243; custom_padding=&#8221;|||&#8221; global_colors_info=&#8221;{}&#8221; custom_padding__hover=&#8221;|||&#8221;][et_pb_image src=&#8221;https:\/\/transparantmagazine.nl\/archief\/wp-content\/uploads\/2022\/12\/MooiMan-1.png&#8221; title_text=&#8221;MooiMan&#8221; _builder_version=&#8221;4.19.2&#8243; _module_preset=&#8221;default&#8221; animation_style=&#8221;slide&#8221; animation_direction=&#8221;right&#8221; global_colors_info=&#8221;{}&#8221;][\/et_pb_image][\/et_pb_column][\/et_pb_row][\/et_pb_section][et_pb_section fb_built=&#8221;1&#8243; module_id=&#8221;artikel&#8221; _builder_version=&#8221;4.19.2&#8243; background_color=&#8221;#ffffff&#8221; background_enable_image=&#8221;off&#8221; global_colors_info=&#8221;{}&#8221;][et_pb_row column_structure=&#8221;1_3,2_3&#8243; _builder_version=&#8221;4.19.2&#8243; background_size=&#8221;initial&#8221; background_position=&#8221;top_left&#8221; background_repeat=&#8221;repeat&#8221; global_colors_info=&#8221;{}&#8221;][et_pb_column type=&#8221;1_3&#8243; _builder_version=&#8221;4.19.2&#8243; background_color=&#8221;RGBA(255,255,255,0)&#8221; custom_padding=&#8221;|||&#8221; global_colors_info=&#8221;{}&#8221; custom_padding__hover=&#8221;|||&#8221;][et_pb_image src=&#8221;https:\/\/transparantmagazine.nl\/archief\/wp-content\/uploads\/2022\/12\/MooiMan-2.png&#8221; title_text=&#8221;MooiMan 2&#8243; _builder_version=&#8221;4.19.2&#8243; _module_preset=&#8221;default&#8221; animation_style=&#8221;slide&#8221; animation_direction=&#8221;right&#8221; global_colors_info=&#8221;{}&#8221;][\/et_pb_image][\/et_pb_column][et_pb_column type=&#8221;2_3&#8243; _builder_version=&#8221;4.16&#8243; custom_padding=&#8221;|||&#8221; global_colors_info=&#8221;{}&#8221; custom_padding__hover=&#8221;|||&#8221;][et_pb_text _builder_version=&#8221;4.19.2&#8243; _module_preset=&#8221;default&#8221; global_colors_info=&#8221;{}&#8221;]<\/p>\n<h3>Achter de naaimachine<\/h3>\n<p>Iets verderop trekt Lume in volledige concentratie lijnen. \u201cMaar we kunnen wel gewoon praten hoor!\u201d zegt ze terwijl ze de volgende lijn trekt. \u201cDeze lijnen zijn om een roletui te maken. Soms ben ik een beetje onzeker. Deze lijnen maken het makkelijker!\u201d Lume werkt al zo\u2019n tien jaar bij Benjamini. In die tijd maakte ze veel verschillende dingen zegt ze. \u201cIk leer hier veel, roletuis, kleden, pannenlappen, theedoeken, ik maak van alles. Ook wel eens een schort voor een vriendin van mijn moeder.\u201d Over waar ze het beste in is, moet ze even nadenken. \u201cAchter de naaimachine vind ik het leukste en pannenlappen vind ik het makkelijkst om te maken.\u201d In haar vrije tijd laat ze de naaimachine staan. \u201cDan ga ik vaak gamen op mijn Nintendo Switch en speel ik Zelda. Dat is best moeilijk, maar met hulp van mijn neefje heb ik hem helemaal zelf uitgespeeld!\u201d<\/p>\n<p>[\/et_pb_text][\/et_pb_column][\/et_pb_row][\/et_pb_section][et_pb_section fb_built=&#8221;1&#8243; module_id=&#8221;artikel&#8221; _builder_version=&#8221;4.19.2&#8243; background_color=&#8221;#D4EDFC&#8221; background_enable_image=&#8221;off&#8221; global_colors_info=&#8221;{}&#8221;][et_pb_row column_structure=&#8221;2_3,1_3&#8243; _builder_version=&#8221;4.19.2&#8243; background_size=&#8221;initial&#8221; background_position=&#8221;top_left&#8221; background_repeat=&#8221;repeat&#8221; global_colors_info=&#8221;{}&#8221;][et_pb_column type=&#8221;2_3&#8243; _builder_version=&#8221;4.19.2&#8243; background_color=&#8221;RGBA(255,255,255,0)&#8221; custom_padding=&#8221;|||&#8221; global_colors_info=&#8221;{}&#8221; custom_padding__hover=&#8221;|||&#8221;][et_pb_text _builder_version=&#8221;4.19.2&#8243; _module_preset=&#8221;default&#8221; global_colors_info=&#8221;{}&#8221;]<\/p>\n<h3>Onverwachte hobby<\/h3>\n<p>Aan een grote tafel in het midden van de ruimte zit iemand met een brede glimlach te werken. Anita werkt nog geen jaar bij Benjamini. \u201cIn het begin was het moeilijk. Maar stapje voor stapje leer ik dingen. Ik vind het leuk om met stof bezig te zijn. Thuis wilde ik al proberen te leren naaien. Hier kunnen ze me helpen!\u201d Wat ze het leukst vindt? \u201cIk vind alles even leuk!\u201d Echt alles? \u201cJa, echt alles vind ik even leuk!\u201d Wanneer Anita over haar talenten praat, komt er nog een onverwachte hobby opduiken bij de dame met de grote glimlach. \u201cIk ga vaak boksen. Dat is leuk. Even de frustratie van de dag eruit!\u201d Even later bedenkt Anita op de valreep toch wat ze het allerleukste vindt bij Benjamini. \u201cHet is altijd gezellig hier. Met al die mooie dames om me heen.\u201d<\/p>\n<p>[\/et_pb_text][\/et_pb_column][et_pb_column type=&#8221;1_3&#8243; _builder_version=&#8221;4.16&#8243; custom_padding=&#8221;|||&#8221; global_colors_info=&#8221;{}&#8221; custom_padding__hover=&#8221;|||&#8221;][et_pb_image src=&#8221;https:\/\/transparantmagazine.nl\/archief\/wp-content\/uploads\/2022\/12\/MooiMan-2-2.png&#8221; title_text=&#8221;MooiMan 2 2&#8243; _builder_version=&#8221;4.19.2&#8243; _module_preset=&#8221;default&#8221; animation_style=&#8221;slide&#8221; animation_direction=&#8221;right&#8221; global_colors_info=&#8221;{}&#8221;][\/et_pb_image][\/et_pb_column][\/et_pb_row][\/et_pb_section][et_pb_section fb_built=&#8221;1&#8243; _builder_version=&#8221;4.21.0&#8243; _module_preset=&#8221;default&#8221; global_colors_info=&#8221;{}&#8221; theme_builder_area=&#8221;post_content&#8221;][et_pb_row column_structure=&#8221;1_2,1_2&#8243; _builder_version=&#8221;4.21.0&#8243; _module_preset=&#8221;default&#8221; global_colors_info=&#8221;{}&#8221; theme_builder_area=&#8221;post_content&#8221;][et_pb_column type=&#8221;1_2&#8243; _builder_version=&#8221;4.21.0&#8243; _module_preset=&#8221;default&#8221; global_colors_info=&#8221;{}&#8221; theme_builder_area=&#8221;post_content&#8221;][et_pb_button button_url=&#8221;@ET-DC@eyJkeW5hbWljIjp0cnVlLCJjb250ZW50IjoicG9zdF9saW5rX3VybF9wYWdlIiwic2V0dGluZ3MiOnsicG9zdF9pZCI6Ijc1NiJ9fQ==@&#8221; button_text=&#8221;vorige&#8221; button_alignment=&#8221;right&#8221; _builder_version=&#8221;4.21.0&#8243; _dynamic_attributes=&#8221;button_url&#8221; _module_preset=&#8221;default&#8221; custom_button=&#8221;on&#8221; button_text_color=&#8221;#009FE3&#8243; button_border_width=&#8221;0px&#8221; button_icon=&#8221;&#x23;||divi||400&#8243; button_icon_color=&#8221;#009FE3&#8243; button_icon_placement=&#8221;left&#8221; button_on_hover=&#8221;off&#8221; hover_enabled=&#8221;0&#8243; global_colors_info=&#8221;{}&#8221; theme_builder_area=&#8221;post_content&#8221; sticky_enabled=&#8221;0&#8243;][\/et_pb_button][\/et_pb_column][et_pb_column type=&#8221;1_2&#8243; _builder_version=&#8221;4.21.0&#8243; _module_preset=&#8221;default&#8221; global_colors_info=&#8221;{}&#8221; theme_builder_area=&#8221;post_content&#8221;][et_pb_button button_url=&#8221;@ET-DC@eyJkeW5hbWljIjp0cnVlLCJjb250ZW50IjoicG9zdF9saW5rX3VybF9wYWdlIiwic2V0dGluZ3MiOnsicG9zdF9pZCI6IjQ5MSJ9fQ==@&#8221; button_text=&#8221;volgende&#8221; _builder_version=&#8221;4.21.0&#8243; _dynamic_attributes=&#8221;button_url&#8221; _module_preset=&#8221;default&#8221; custom_button=&#8221;on&#8221; button_text_color=&#8221;#009FE3&#8243; button_border_width=&#8221;0px&#8221; button_icon=&#8221;&#x24;||divi||400&#8243; button_icon_color=&#8221;#009FE3&#8243; button_on_hover=&#8221;off&#8221; hover_enabled=&#8221;0&#8243; global_colors_info=&#8221;{}&#8221; theme_builder_area=&#8221;post_content&#8221; sticky_enabled=&#8221;0&#8243;][\/et_pb_button][\/et_pb_column][\/et_pb_row][\/et_pb_section][et_pb_section fb_built=&#8221;1&#8243; _builder_version=&#8221;4.19.2&#8243; _module_preset=&#8221;default&#8221; border_color_all=&#8221;#3D2975&#8243; border_width_top=&#8221;10px&#8221; border_color_top=&#8221;#DFDD00&#8243; global_colors_info=&#8221;{}&#8221;][et_pb_row column_structure=&#8221;1_4,3_4&#8243; _builder_version=&#8221;4.19.2&#8243; _module_preset=&#8221;default&#8221; global_colors_info=&#8221;{}&#8221;][et_pb_column type=&#8221;1_4&#8243; _builder_version=&#8221;4.19.2&#8243; _module_preset=&#8221;default&#8221; global_colors_info=&#8221;{}&#8221;][et_pb_image src=&#8221;https:\/\/transparantmagazine.nl\/archief\/wp-content\/uploads\/2022\/12\/Leesbaarheidsiconen-2-2-1.png&#8221; title_text=&#8221;Leesbaarheidsiconen 2 2&#8243; align=&#8221;right&#8221; align_tablet=&#8221;left&#8221; align_phone=&#8221;left&#8221; align_last_edited=&#8221;on|phone&#8221; _builder_version=&#8221;4.19.2&#8243; _module_preset=&#8221;default&#8221; width=&#8221;100px&#8221; global_colors_info=&#8221;{}&#8221;][\/et_pb_image][\/et_pb_column][et_pb_column type=&#8221;3_4&#8243; _builder_version=&#8221;4.19.2&#8243; _module_preset=&#8221;default&#8221; global_colors_info=&#8221;{}&#8221;][et_pb_text _builder_version=&#8221;4.19.2&#8243; _module_preset=&#8221;default&#8221; text_font_size=&#8221;18px&#8221; text_font_size_tablet=&#8221;16px&#8221; text_font_size_phone=&#8221;16px&#8221; text_font_size_last_edited=&#8221;on|tablet&#8221; global_colors_info=&#8221;{}&#8221;]<\/p>\n<p class=\"p1\">Bij Benjamini in Emmen maken ze mooie dingen van stof.<\/p>\n<p class=\"p1\">Ze maken bijvoorbeeld tassen of dekens.<\/p>\n<p class=\"p1\">Adelina is een pietje-precies.<\/p>\n<p class=\"p1\">Lume maakt veel verschillende dingen.<\/p>\n<p class=\"p1\">Lume maakt het liefst pannelappen.<\/p>\n<p class=\"p1\">Anita werkt pas een jaar bij Benjamini en het gaat steeds beter.<\/p>\n<p class=\"p1\">In haar vrije tijd vindt ze boksen leuk.<\/p>\n<p class=\"p1\">Anita vindt het heel gezellig bij Benjamini.<\/p>\n<p>[\/et_pb_text][\/et_pb_column][\/et_pb_row][\/et_pb_section]<\/p>\n","protected":false},"excerpt":{"rendered":"<p>Een lappendeken van talentOf we een keer langs wilden komen bij Benjamini in Emmen vraagt begeleidster Stieneke \u201cWij hebben niet \u00e9\u00e9n cli\u00ebnt met een talent, maar een hele ruimte vol!\u201d Mooi man, daar zijn wij benieuwd naar. De redactie van De Transparant ging op bezoek bij Benjamini en sprak een aantal van de hardwerkende dames.De naaimachines zoemen rustig. Veel geconcentreerde gezichten die nauwkeurig met kleurrijke stoffen in de weer zijn. Benjamini maakt in Noordbarge in Emmen de meest kleurrijke creaties van stof. Van een schaaretui tot aan tassen of babynestjes. De dames van de groep maken het allemaal met gemak.Pietje-precies Adelina werkt al heel wat jaren bij Benjamini. \u201cIk was klaar met leren toen ging ik hier werken. In het begin leek het moeilijk. Maar soms moet je het maar gewoon doen en dan valt het toch mee. Ik vond het hier ook meteen gezellig.\u201d Eigenlijk maakt Adelina heel veel verschillende dingen zegt ze. \u201cDe laatste tijd ben ik veel met kussenhoezen bezig. Maar ik heb ook kleden gemaakt en scharenhoesjes.\u201d Soms vindt ze iets wat moeilijker om te maken zoals een roletui. \u201cMaar nu lukt dat wel!\u201d Ze vindt het soms nog moeilijk om trots te zijn op al [&hellip;]<\/p>\n","protected":false},"author":1,"featured_media":1008,"parent":2,"menu_order":0,"comment_status":"closed","ping_status":"closed","template":"","meta":{"_et_pb_use_builder":"on","_et_pb_old_content":"<!-- wp:heading -->\r\n<h2>Wie zijn we<\/h2>\r\n<!-- \/wp:heading --><!-- wp:paragraph -->\r\n<p><strong class=\"privacy-policy-tutorial\">Voorgestelde tekst: <\/strong>Ons site adres is: https:\/\/www.transparantmagazine.nl.<\/p>\r\n<!-- \/wp:paragraph --><!-- wp:heading -->\r\n<h2>Reacties<\/h2>\r\n<!-- \/wp:heading --><!-- wp:paragraph -->\r\n<p><strong class=\"privacy-policy-tutorial\">Voorgestelde tekst: <\/strong>Als bezoekers reacties achterlaten op de site, verzamelen we de gegevens getoond in het reactieformulier, het IP-adres van de bezoeker en de browser user agent om te helpen spam te detecteren.<\/p>\r\n<!-- \/wp:paragraph --><!-- wp:paragraph -->\r\n<p>Een geanonimiseerde string, gemaakt op basis van je e-mailadres (dit wordt ook een hash genoemd) kan worden gestuurd naar de Gravatar dienst indien je dit gebruikt. De privacybeleid pagina van de Gravatar dienst kun je hier vinden: https:\/\/automattic.com\/privacy\/. Nadat je reactie is goedgekeurd, is je profielfoto publiekelijk zichtbaar in de context van je reactie.<\/p>\r\n<!-- \/wp:paragraph --><!-- wp:heading -->\r\n<h2>Media<\/h2>\r\n<!-- \/wp:heading --><!-- wp:paragraph -->\r\n<p><strong class=\"privacy-policy-tutorial\">Voorgestelde tekst: <\/strong>Als je een geregistreerde gebruiker bent en afbeeldingen naar de site upload, moet je voorkomen dat je afbeeldingen uploadt met daarin EXIF GPS locatie gegevens. Bezoekers van de site kunnen de afbeeldingen van de site downloaden en de locatiegegevens inzien.<\/p>\r\n<!-- \/wp:paragraph --><!-- wp:heading -->\r\n<h2>Cookies<\/h2>\r\n<!-- \/wp:heading --><!-- wp:paragraph -->\r\n<p><strong class=\"privacy-policy-tutorial\">Voorgestelde tekst: <\/strong>Wanneer je een reactie achterlaat op onze site, kun je aangeven of je naam, je e-mailadres en site in een cookie opgeslagen mogen worden. Dit doen we voor je gemak zodat je deze gegevens niet opnieuw hoeft in te vullen voor een nieuwe reactie. Deze cookies zijn een jaar lang geldig.<\/p>\r\n<!-- \/wp:paragraph --><!-- wp:paragraph -->\r\n<p>Indien je onze inlogpagina bezoekt, slaan we een tijdelijke cookie op om te controleren of je browser cookies accepteert. Deze cookie bevat geen persoonlijke gegevens en wordt verwijderd zodra je je browser sluit.<\/p>\r\n<!-- \/wp:paragraph --><!-- wp:paragraph -->\r\n<p>Zodra je inlogt, zullen we enkele cookies bewaren in verband met je login informatie en schermweergave opties. Login cookies zijn 2 dagen geldig en cookies voor schermweergave opties 1 jaar. Als je \"Herinner mij\" selecteert, wordt je login 2 weken bewaard. Zodra je uitlogt van je account, worden login cookies verwijderd.<\/p>\r\n<!-- \/wp:paragraph --><!-- wp:paragraph -->\r\n<p>Wanneer je een bericht wijzigt of publiceert wordt een aanvullende cookie door je browser opgeslagen. Deze cookie bevat geen persoonlijke data en heeft enkel het post ID van het artikel wat je hebt bewerkt in zich. Deze cookie is na een dag verlopen.<\/p>\r\n<!-- \/wp:paragraph --><!-- wp:heading -->\r\n<h2>Ingesloten inhoud van andere sites<\/h2>\r\n<!-- \/wp:heading --><!-- wp:paragraph -->\r\n<p><strong class=\"privacy-policy-tutorial\">Voorgestelde tekst: <\/strong>Berichten op deze site kunnen ingesloten inhoud bevatten (bijvoorbeeld video's, afbeeldingen, berichten, enz.). Ingesloten inhoud van andere sites gedraagt zich exact hetzelfde alsof de bezoeker deze andere site heeft bezocht.<\/p>\r\n<!-- \/wp:paragraph --><!-- wp:paragraph -->\r\n<p>Deze sites kunnen gegevens over je verzamelen, cookies gebruiken, extra tracking van derde partijen insluiten en je interactie met deze ingesloten inhoud monitoren, inclusief het vastleggen van de interactie met ingesloten inhoud als je een account hebt en ingelogd bent op die site.<\/p>\r\n<!-- \/wp:paragraph --><!-- wp:heading -->\r\n<h2>Met wie we je gegevens delen<\/h2>\r\n<!-- \/wp:heading --><!-- wp:paragraph -->\r\n<p><strong class=\"privacy-policy-tutorial\">Voorgestelde tekst: <\/strong>Als je een wachtwoord reset aanvraagt, wordt je IP-adres opgenomen in de reset e-mail.<\/p>\r\n<!-- \/wp:paragraph --><!-- wp:heading -->\r\n<h2>Hoelang we je gegevens bewaren<\/h2>\r\n<!-- \/wp:heading --><!-- wp:paragraph -->\r\n<p><strong class=\"privacy-policy-tutorial\">Voorgestelde tekst: <\/strong>Wanneer je een reactie achterlaat dan wordt die reactie en de metadata van die reactie voor altijd bewaard. Op deze manier kunnen we vervolgreacties automatisch herkennen en goedkeuren in plaats van dat we ze moeten modereren.<\/p>\r\n<!-- \/wp:paragraph --><!-- wp:paragraph -->\r\n<p>Voor gebruikers die zich op onze site registreren (indien aanwezig), slaan we ook de persoonlijke informatie op die ze verstrekken in hun gebruikersprofiel. Alle gebruikers kunnen op ieder moment hun persoonlijke informatie bekijken, bewerken of verwijderen (behalve dat ze hun gebruikersnaam niet kunnen wijzigen). Site beheerders kunnen deze informatie ook bekijken en bewerken.<\/p>\r\n<!-- \/wp:paragraph --><!-- wp:heading -->\r\n<h2>Welke rechten je hebt over je gegevens<\/h2>\r\n<!-- \/wp:heading --><!-- wp:paragraph -->\r\n<p><strong class=\"privacy-policy-tutorial\">Voorgestelde tekst: <\/strong>Als je een account hebt op deze site of je hebt reacties achter gelaten, kan je verzoeken om een exportbestand van je persoonlijke gegevens die we van je hebben, inclusief alle gegevens die je ons opgegeven hebt. Je kan ook verzoeken dat we alle persoonlijke gegevens die we van je hebben wissen. Dit bevat geen gegevens die we verplicht moeten bewaren in verband met administratieve, wettelijke of beveiligings doeleinden.<\/p>\r\n<!-- \/wp:paragraph --><!-- wp:heading -->\r\n<h2>Waar je gegevens naar toe worden gezonden<\/h2>\r\n<!-- \/wp:heading --><!-- wp:paragraph -->\r\n<p><strong class=\"privacy-policy-tutorial\">Voorgestelde tekst: <\/strong>Mogelijk worden reacties van bezoekers gecontroleerd via een geautomatiseerde spamdetectie service.<\/p>\r\n<!-- \/wp:paragraph -->","_et_gb_content_width":"","footnotes":""},"class_list":["post-588","page","type-page","status-publish","has-post-thumbnail","hentry"],"_links":{"self":[{"href":"https:\/\/transparantmagazine.nl\/archief\/wp-json\/wp\/v2\/pages\/588","targetHints":{"allow":["GET"]}}],"collection":[{"href":"https:\/\/transparantmagazine.nl\/archief\/wp-json\/wp\/v2\/pages"}],"about":[{"href":"https:\/\/transparantmagazine.nl\/archief\/wp-json\/wp\/v2\/types\/page"}],"author":[{"embeddable":true,"href":"https:\/\/transparantmagazine.nl\/archief\/wp-json\/wp\/v2\/users\/1"}],"replies":[{"embeddable":true,"href":"https:\/\/transparantmagazine.nl\/archief\/wp-json\/wp\/v2\/comments?post=588"}],"version-history":[{"count":16,"href":"https:\/\/transparantmagazine.nl\/archief\/wp-json\/wp\/v2\/pages\/588\/revisions"}],"predecessor-version":[{"id":1369,"href":"https:\/\/transparantmagazine.nl\/archief\/wp-json\/wp\/v2\/pages\/588\/revisions\/1369"}],"up":[{"embeddable":true,"href":"https:\/\/transparantmagazine.nl\/archief\/wp-json\/wp\/v2\/pages\/2"}],"wp:featuredmedia":[{"embeddable":true,"href":"https:\/\/transparantmagazine.nl\/archief\/wp-json\/wp\/v2\/media\/1008"}],"wp:attachment":[{"href":"https:\/\/transparantmagazine.nl\/archief\/wp-json\/wp\/v2\/media?parent=588"}],"curies":[{"name":"wp","href":"https:\/\/api.w.org\/{rel}","templated":true}]}}